{"id":10099,"date":"2022-07-07T04:27:24","date_gmt":"2022-07-07T04:27:24","guid":{"rendered":"https:\/\/rikunastore.com\/?post_type=product&#038;p=10099"},"modified":"2022-07-16T17:25:44","modified_gmt":"2022-07-16T17:25:44","slug":"mis-15-anos-svg","status":"publish","type":"product","link":"https:\/\/rikunastore.com\/index.php\/product\/mis-15-anos-svg\/","title":{"rendered":"Mis 15 A\u00f1os Svg, Mis 15 A\u00f1os Shirt Svg, Mis Quince Svg, Quincea\u00f1era Svg, Sweet 15 Svg, Quincea\u00f1era Svg, Spanish Latina Cumplea\u00f1os"},"content":{"rendered":"<p><strong>\/\/YOU WILL GET\/\/<\/strong><\/p>\n<p>\u2022 01 Individual clipart (EPS, SVG, PNG, DXF)<\/p>\n<p>PNG \u2013 Transparent Background Image<br \/>\nEPS \u2013 (Vector, Opens with Illustrator) Vectors can be color changed and any size can be chosen<br \/>\nSVG \u2013 Cut Vinyl, Cardstock or Other Materials (for use in Cricut Design Space, Silhouette Studio, Ink Space, Corel Draw, and more)<\/p>\n<p>\u2022 Delivered in a compressed Zip File<\/p>\n<p><strong>THANKS FOR PASSING!<\/strong><\/p>\n","protected":false},"excerpt":{"rendered":"<p>\/\/YOU WILL GET\/\/ \u2022 01 Individual clipart (EPS, SVG, PNG, DXF) PNG \u2013 Transparent Background Image EPS \u2013 (Vector, Opens with Illustrator) Vectors can be color changed and any size can be chosen SVG \u2013 Cut Vinyl, Cardstock or Other Materials (for use in Cricut Design Space, Silhouette Studio, Ink Space, Corel Draw, and more) [&hellip;]<\/p>\n","protected":false},"featured_media":9981,"template":"","meta":{"site-sidebar-layout":"default","site-content-layout":"plain-container","ast-site-content-layout":"default","site-content-style":"default","site-sidebar-style":"default","ast-global-header-display":"","ast-banner-title-visibility":"","ast-main-header-display":"","ast-hfb-above-header-display":"","ast-hfb-below-header-display":"","ast-hfb-mobile-header-display":"","site-post-title":"","ast-breadcrumbs-content":"","ast-featured-img":"","footer-sml-layout":"","ast-disable-related-posts":"","theme-transparent-header-meta":"default","adv-header-id-meta":"","stick-header-meta":"","header-above-stick-meta":"","header-main-stick-meta":"","header-below-stick-meta":"","astra-migrate-meta-layouts":"default","ast-page-background-enabled":"default","ast-page-background-meta":{"desktop":{"background-color":"","background-image":"","background-repeat":"repeat","background-position":"center center","background-size":"auto","background-attachment":"scroll","background-type":"","background-media":"","overlay-type":"","overlay-color":"","overlay-opacity":"","overlay-gradient":""},"tablet":{"background-color":"","background-image":"","background-repeat":"repeat","background-position":"center center","background-size":"auto","background-attachment":"scroll","background-type":"","background-media":"","overlay-type":"","overlay-color":"","overlay-opacity":"","overlay-gradient":""},"mobile":{"background-color":"","background-image":"","background-repeat":"repeat","background-position":"center center","background-size":"auto","background-attachment":"scroll","background-type":"","background-media":"","overlay-type":"","overlay-color":"","overlay-opacity":"","overlay-gradient":""}},"ast-content-background-meta":{"desktop":{"background-color":"var(--ast-global-color-5)","background-image":"","background-repeat":"repeat","background-position":"center center","background-size":"auto","background-attachment":"scroll","background-type":"","background-media":"","overlay-type":"","overlay-color":"","overlay-opacity":"","overlay-gradient":""},"tablet":{"background-color":"var(--ast-global-color-5)","background-image":"","background-repeat":"repeat","background-position":"center center","background-size":"auto","background-attachment":"scroll","background-type":"","background-media":"","overlay-type":"","overlay-color":"","overlay-opacity":"","overlay-gradient":""},"mobile":{"background-color":"var(--ast-global-color-5)","background-image":"","background-repeat":"repeat","background-position":"center center","background-size":"auto","background-attachment":"scroll","background-type":"","background-media":"","overlay-type":"","overlay-color":"","overlay-opacity":"","overlay-gradient":""}}},"product_brand":[],"product_cat":[201,199,203],"product_tag":[],"class_list":{"0":"post-10099","1":"product","2":"type-product","3":"status-publish","4":"has-post-thumbnail","6":"product_cat-images-for-cricut","7":"product_cat-png-images","8":"product_cat-svg","9":"desktop-align-center","10":"tablet-align-left","11":"mobile-align-left","13":"first","14":"instock","15":"downloadable","16":"virtual","17":"taxable","18":"purchasable","19":"product-type-simple"},"yoast_head":"<!-- This site is optimized with the Yoast SEO plugin v27.4 - https:\/\/yoast.com\/product\/yoast-seo-wordpress\/ -->\n<title>Mis 15 A\u00f1os Svg, Mis 15 A\u00f1os Shirt Svg, Mis Quince Svg, Quincea\u00f1era Svg, Sweet 15 Svg, Quincea\u00f1era Svg, Spanish Latina Cumplea\u00f1os -<\/title>\n<meta name=\"description\" content=\"Mis 15 A\u00f1os Svg, Mis 15 A\u00f1os Shirt Svg, Mis Quince Svg, Quincea\u00f1era Svg\" \/>\n<meta name=\"robots\" content=\"index, follow, max-snippet:-1, max-image-preview:large, max-video-preview:-1\" \/>\n<link rel=\"canonical\" href=\"https:\/\/rikunastore.com\/index.php\/product\/mis-15-anos-svg\/\" \/>\n<meta property=\"og:locale\" content=\"en_US\" \/>\n<meta property=\"og:type\" content=\"article\" \/>\n<meta property=\"og:title\" content=\"Mis 15 A\u00f1os Svg, Mis 15 A\u00f1os Shirt Svg, Mis Quince Svg, Quincea\u00f1era Svg, Sweet 15 Svg, Quincea\u00f1era Svg, Spanish Latina Cumplea\u00f1os -\" \/>\n<meta property=\"og:description\" content=\"Mis 15 A\u00f1os Svg, Mis 15 A\u00f1os Shirt Svg, Mis Quince Svg, Quincea\u00f1era Svg\" \/>\n<meta property=\"og:url\" content=\"https:\/\/rikunastore.com\/index.php\/product\/mis-15-anos-svg\/\" \/>\n<meta property=\"article:modified_time\" content=\"2022-07-16T17:25:44+00:00\" \/>\n<meta property=\"og:image\" content=\"https:\/\/rikunastore.com\/wp-content\/uploads\/2022\/07\/01-1.jpg\" \/>\n\t<meta property=\"og:image:width\" content=\"2516\" \/>\n\t<meta property=\"og:image:height\" content=\"2000\" \/>\n\t<meta property=\"og:image:type\" content=\"image\/jpeg\" \/>\n<meta name=\"twitter:card\" content=\"summary_large_image\" \/>\n<meta name=\"twitter:label1\" content=\"Est. reading time\" \/>\n\t<meta name=\"twitter:data1\" content=\"1 minute\" \/>\n<script type=\"application\/ld+json\" class=\"yoast-schema-graph\">{\"@context\":\"https:\\\/\\\/schema.org\",\"@graph\":[{\"@type\":\"WebPage\",\"@id\":\"https:\\\/\\\/rikunastore.com\\\/index.php\\\/product\\\/mis-15-anos-svg\\\/\",\"url\":\"https:\\\/\\\/rikunastore.com\\\/index.php\\\/product\\\/mis-15-anos-svg\\\/\",\"name\":\"Mis 15 A\u00f1os Svg, Mis 15 A\u00f1os Shirt Svg, Mis Quince Svg, Quincea\u00f1era Svg, Sweet 15 Svg, Quincea\u00f1era Svg, Spanish Latina Cumplea\u00f1os -\",\"isPartOf\":{\"@id\":\"https:\\\/\\\/rikunastore.com\\\/#website\"},\"primaryImageOfPage\":{\"@id\":\"https:\\\/\\\/rikunastore.com\\\/index.php\\\/product\\\/mis-15-anos-svg\\\/#primaryimage\"},\"image\":{\"@id\":\"https:\\\/\\\/rikunastore.com\\\/index.php\\\/product\\\/mis-15-anos-svg\\\/#primaryimage\"},\"thumbnailUrl\":\"https:\\\/\\\/rikunastore.com\\\/wp-content\\\/uploads\\\/2022\\\/07\\\/01-1.jpg\",\"datePublished\":\"2022-07-07T04:27:24+00:00\",\"dateModified\":\"2022-07-16T17:25:44+00:00\",\"description\":\"Mis 15 A\u00f1os Svg, Mis 15 A\u00f1os Shirt Svg, Mis Quince Svg, Quincea\u00f1era Svg\",\"breadcrumb\":{\"@id\":\"https:\\\/\\\/rikunastore.com\\\/index.php\\\/product\\\/mis-15-anos-svg\\\/#breadcrumb\"},\"inLanguage\":\"en-US\",\"potentialAction\":[{\"@type\":\"ReadAction\",\"target\":[\"https:\\\/\\\/rikunastore.com\\\/index.php\\\/product\\\/mis-15-anos-svg\\\/\"]}]},{\"@type\":\"ImageObject\",\"inLanguage\":\"en-US\",\"@id\":\"https:\\\/\\\/rikunastore.com\\\/index.php\\\/product\\\/mis-15-anos-svg\\\/#primaryimage\",\"url\":\"https:\\\/\\\/rikunastore.com\\\/wp-content\\\/uploads\\\/2022\\\/07\\\/01-1.jpg\",\"contentUrl\":\"https:\\\/\\\/rikunastore.com\\\/wp-content\\\/uploads\\\/2022\\\/07\\\/01-1.jpg\",\"width\":2516,\"height\":2000},{\"@type\":\"BreadcrumbList\",\"@id\":\"https:\\\/\\\/rikunastore.com\\\/index.php\\\/product\\\/mis-15-anos-svg\\\/#breadcrumb\",\"itemListElement\":[{\"@type\":\"ListItem\",\"position\":1,\"name\":\"Portada\",\"item\":\"https:\\\/\\\/rikunastore.com\\\/\"},{\"@type\":\"ListItem\",\"position\":2,\"name\":\"Mis 15 A\u00f1os Svg, Mis 15 A\u00f1os Shirt Svg, Mis Quince Svg, Quincea\u00f1era Svg, Sweet 15 Svg, Quincea\u00f1era Svg, Spanish Latina Cumplea\u00f1os\"}]},{\"@type\":\"WebSite\",\"@id\":\"https:\\\/\\\/rikunastore.com\\\/#website\",\"url\":\"https:\\\/\\\/rikunastore.com\\\/\",\"name\":\"\",\"description\":\"SVG and PNG cut files. You can use files cut with Silhouette Studio, Cricut for your DIY projects.\",\"potentialAction\":[{\"@type\":\"SearchAction\",\"target\":{\"@type\":\"EntryPoint\",\"urlTemplate\":\"https:\\\/\\\/rikunastore.com\\\/?s={search_term_string}\"},\"query-input\":{\"@type\":\"PropertyValueSpecification\",\"valueRequired\":true,\"valueName\":\"search_term_string\"}}],\"inLanguage\":\"en-US\"}]}<\/script>\n<!-- \/ Yoast SEO plugin. -->","yoast_head_json":{"title":"Mis 15 A\u00f1os Svg, Mis 15 A\u00f1os Shirt Svg, Mis Quince Svg, Quincea\u00f1era Svg, Sweet 15 Svg, Quincea\u00f1era Svg, Spanish Latina Cumplea\u00f1os -","description":"Mis 15 A\u00f1os Svg, Mis 15 A\u00f1os Shirt Svg, Mis Quince Svg, Quincea\u00f1era Svg","robots":{"index":"index","follow":"follow","max-snippet":"max-snippet:-1","max-image-preview":"max-image-preview:large","max-video-preview":"max-video-preview:-1"},"canonical":"https:\/\/rikunastore.com\/index.php\/product\/mis-15-anos-svg\/","og_locale":"en_US","og_type":"article","og_title":"Mis 15 A\u00f1os Svg, Mis 15 A\u00f1os Shirt Svg, Mis Quince Svg, Quincea\u00f1era Svg, Sweet 15 Svg, Quincea\u00f1era Svg, Spanish Latina Cumplea\u00f1os -","og_description":"Mis 15 A\u00f1os Svg, Mis 15 A\u00f1os Shirt Svg, Mis Quince Svg, Quincea\u00f1era Svg","og_url":"https:\/\/rikunastore.com\/index.php\/product\/mis-15-anos-svg\/","article_modified_time":"2022-07-16T17:25:44+00:00","og_image":[{"width":2516,"height":2000,"url":"https:\/\/rikunastore.com\/wp-content\/uploads\/2022\/07\/01-1.jpg","type":"image\/jpeg"}],"twitter_card":"summary_large_image","twitter_misc":{"Est. reading time":"1 minute"},"schema":{"@context":"https:\/\/schema.org","@graph":[{"@type":"WebPage","@id":"https:\/\/rikunastore.com\/index.php\/product\/mis-15-anos-svg\/","url":"https:\/\/rikunastore.com\/index.php\/product\/mis-15-anos-svg\/","name":"Mis 15 A\u00f1os Svg, Mis 15 A\u00f1os Shirt Svg, Mis Quince Svg, Quincea\u00f1era Svg, Sweet 15 Svg, Quincea\u00f1era Svg, Spanish Latina Cumplea\u00f1os -","isPartOf":{"@id":"https:\/\/rikunastore.com\/#website"},"primaryImageOfPage":{"@id":"https:\/\/rikunastore.com\/index.php\/product\/mis-15-anos-svg\/#primaryimage"},"image":{"@id":"https:\/\/rikunastore.com\/index.php\/product\/mis-15-anos-svg\/#primaryimage"},"thumbnailUrl":"https:\/\/rikunastore.com\/wp-content\/uploads\/2022\/07\/01-1.jpg","datePublished":"2022-07-07T04:27:24+00:00","dateModified":"2022-07-16T17:25:44+00:00","description":"Mis 15 A\u00f1os Svg, Mis 15 A\u00f1os Shirt Svg, Mis Quince Svg, Quincea\u00f1era Svg","breadcrumb":{"@id":"https:\/\/rikunastore.com\/index.php\/product\/mis-15-anos-svg\/#breadcrumb"},"inLanguage":"en-US","potentialAction":[{"@type":"ReadAction","target":["https:\/\/rikunastore.com\/index.php\/product\/mis-15-anos-svg\/"]}]},{"@type":"ImageObject","inLanguage":"en-US","@id":"https:\/\/rikunastore.com\/index.php\/product\/mis-15-anos-svg\/#primaryimage","url":"https:\/\/rikunastore.com\/wp-content\/uploads\/2022\/07\/01-1.jpg","contentUrl":"https:\/\/rikunastore.com\/wp-content\/uploads\/2022\/07\/01-1.jpg","width":2516,"height":2000},{"@type":"BreadcrumbList","@id":"https:\/\/rikunastore.com\/index.php\/product\/mis-15-anos-svg\/#breadcrumb","itemListElement":[{"@type":"ListItem","position":1,"name":"Portada","item":"https:\/\/rikunastore.com\/"},{"@type":"ListItem","position":2,"name":"Mis 15 A\u00f1os Svg, Mis 15 A\u00f1os Shirt Svg, Mis Quince Svg, Quincea\u00f1era Svg, Sweet 15 Svg, Quincea\u00f1era Svg, Spanish Latina Cumplea\u00f1os"}]},{"@type":"WebSite","@id":"https:\/\/rikunastore.com\/#website","url":"https:\/\/rikunastore.com\/","name":"","description":"SVG and PNG cut files. You can use files cut with Silhouette Studio, Cricut for your DIY projects.","potentialAction":[{"@type":"SearchAction","target":{"@type":"EntryPoint","urlTemplate":"https:\/\/rikunastore.com\/?s={search_term_string}"},"query-input":{"@type":"PropertyValueSpecification","valueRequired":true,"valueName":"search_term_string"}}],"inLanguage":"en-US"}]}},"_links":{"self":[{"href":"https:\/\/rikunastore.com\/index.php\/wp-json\/wp\/v2\/product\/10099","targetHints":{"allow":["GET"]}}],"collection":[{"href":"https:\/\/rikunastore.com\/index.php\/wp-json\/wp\/v2\/product"}],"about":[{"href":"https:\/\/rikunastore.com\/index.php\/wp-json\/wp\/v2\/types\/product"}],"version-history":[{"count":3,"href":"https:\/\/rikunastore.com\/index.php\/wp-json\/wp\/v2\/product\/10099\/revisions"}],"predecessor-version":[{"id":10414,"href":"https:\/\/rikunastore.com\/index.php\/wp-json\/wp\/v2\/product\/10099\/revisions\/10414"}],"wp:featuredmedia":[{"embeddable":true,"href":"https:\/\/rikunastore.com\/index.php\/wp-json\/wp\/v2\/media\/9981"}],"wp:attachment":[{"href":"https:\/\/rikunastore.com\/index.php\/wp-json\/wp\/v2\/media?parent=10099"}],"wp:term":[{"taxonomy":"product_brand","embeddable":true,"href":"https:\/\/rikunastore.com\/index.php\/wp-json\/wp\/v2\/product_brand?post=10099"},{"taxonomy":"product_cat","embeddable":true,"href":"https:\/\/rikunastore.com\/index.php\/wp-json\/wp\/v2\/product_cat?post=10099"},{"taxonomy":"product_tag","embeddable":true,"href":"https:\/\/rikunastore.com\/index.php\/wp-json\/wp\/v2\/product_tag?post=10099"}],"curies":[{"name":"wp","href":"https:\/\/api.w.org\/{rel}","templated":true}]}}